{"id":280,"date":"2017-04-24T13:45:13","date_gmt":"2017-04-24T13:45:13","guid":{"rendered":"\/?page_id=280"},"modified":"2019-11-27T16:20:33","modified_gmt":"2019-11-27T16:20:33","slug":"equipe-corali","status":"publish","type":"page","link":"http:\/\/cslc.ul.edu.lb\/?page_id=280","title":{"rendered":"Equipe CORALI"},"content":{"rendered":"<h2>Equipe CORALI (Corpus \u2013 ORAl \u2013 Langues &#8211; Interactions)<\/h2>\n<div class=\"su-tabs su-tabs-style-default su-tabs-mobile-stack\" data-active=\"1\" data-scroll-offset=\"0\" data-anchor-in-url=\"no\"><div class=\"su-tabs-nav\"><span class=\"\" data-url=\"\" data-target=\"blank\" tabindex=\"0\" role=\"button\">Pr\u00e9sentation<\/span><span class=\"\" data-url=\"\" data-target=\"blank\" tabindex=\"0\" role=\"button\">Membres<\/span><span class=\"\" data-url=\"\" data-target=\"blank\" tabindex=\"0\" role=\"button\">Projets<\/span><span class=\"\" data-url=\"\" data-target=\"blank\" tabindex=\"0\" role=\"button\">Publications<\/span><span class=\"\" data-url=\"\" data-target=\"blank\" tabindex=\"0\" role=\"button\">Principales r\u00e9alisations<\/span><\/div><div class=\"su-tabs-panes\"><div class=\"su-tabs-pane su-u-clearfix su-u-trim\" data-title=\"Pr\u00e9sentation\">\n<p><strong>Responsable <\/strong>: Loubna Dimachki.<\/p>\n<p style=\"text-align: justify;\">L\u2019\u00e9quipe CORALI s\u2019int\u00e9resse \u00e0 l\u2019\u00e9tude des langues en interaction. Les travaux en cours sont le domaine de la linguistique\/pragmatique de l\u2019oral et la grammaire de l\u2019oral. Les travaux de l\u2019\u00e9quipe se d\u00e9veloppent dans une approche multidimensionnelle pour d\u00e9crire et mod\u00e9liser la r\u00e9alisation des actions, en s\u2019attachant aux d\u00e9tails des ressources linguistique (lexiques, syntaxe, sens), interactionnelles et multimodales (regards, gestes, corps) que les individus mettent en \u0153uvre dans leurs activit\u00e9s sociales.<\/p>\n<p style=\"text-align: justify;\">L\u2019\u00e9quipe se sp\u00e9cialise dans les \u00e9tudes comparatives et les interactions en langue arabe en particulier, vu le manque de recherche dans ce domaine, l\u2019arabe reste le parent pauvre. L\u2019objectif de l\u2019\u00e9quipe est d\u2019essayer de cr\u00e9er une base de donn\u00e9es de corpus arabe (audio et vid\u00e9o), outill\u00e9e et num\u00e9ris\u00e9e afin de pouvoir les mettre \u00e0 disposition de la communaut\u00e9 scientifique pour tout traitement des corpus oraux dans les diff\u00e9rents domaines de recherches scientifiques. Le traitement des donn\u00e9es et la r\u00e9alisation des corpus se fait en collaboration avec l\u2019\u00e9quipe de recherche ICAR (UMR 5191) sp\u00e9cialis\u00e9 dans le domaine et en appliquant la charte et les conventions de la banque de donn\u00e9es CLAPI <a href=\"http:\/\/clapi.ish-lyon.cnrs.fr\/\">http:\/\/clapi.ish-lyon.cnrs.fr\/<\/a><\/p>\n<p style=\"text-align: justify;\">Les travaux de l&#8217;\u00e9quipe portent sur une grande vari\u00e9t\u00e9 de types d&#8217;interactions en face \u00e0 face ou m\u00e9diatis\u00e9es, professionnelles ou priv\u00e9es, en fran\u00e7ais et en arabe.<\/p>\n<p>Nos axes de recherches actuellement sont\u00a0:<\/p>\n<div class=\"su-list\" style=\"margin-left:0px\">\n<ul>\n<li><i class=\"sui sui-star\" style=\"color:#333\"><\/i> <strong>Linguistique de l&#8217;interaction\u00a0:<\/strong> multimodalit\u00e9\u00a0; formes orales, formes interactionnelles\u00a0; \u00e9motion, argumentation\u00a0; diversit\u00e9 des langues dans l&#8217;interaction\u00a0;<\/li>\n<li><i class=\"sui sui-star\" style=\"color:#333\"><\/i> <strong>Transcription r\u00e9flexion et conventions\u00a0: <\/strong>r\u00e9flexion sur la transcription de l\u2019arabe \u00e9laboration de conventions<\/li>\n<li><i class=\"sui sui-star\" style=\"color:#333\"><\/i> <strong>Corpus et bases de donn\u00e9es\u00a0:<\/strong> m\u00e9thodologie que les individus mettent en \u0153uvre dans leurs activit\u00e9s sociales. de constitution de corpus\u00a0; bases de donn\u00e9es\u00a0: conception et explorations collaboratives, formation, enseignement\u00a0; bases de donn\u00e9es lexicales en arabe<\/li>\n<\/ul>\n<\/div>\n<\/div>\n<div class=\"su-tabs-pane su-u-clearfix su-u-trim\" data-title=\"Membres\">\n<p>L&#8217;\u00e9quipe entretient de nombreuses collaborations sur le plan national et international dans le cadre de projets sur les domaines de la multimodalit\u00e9, la pragmatique interactionnelle, les corpus et les bases de donn\u00e9es. Les membres et \u00e9quipes de recherche en collaboration avec CORALI<\/p>\n<ul style=\"margin-left: 40px;\">\n<li>ICAR UMR 5191, ENS &#8211; Universit\u00e9 Lyon 2, responsable V\u00e9ronique Traverso<\/li>\n<li>IRD, unit\u00e9 de recherche migrations et soci\u00e9t\u00e9, Universit\u00e9 Paris Diderot, Universit\u00e9 de Nice (ird et cnrs), responsable Nicolas Puig<\/li>\n<li>UIR M\u00e9moire \u2013 CEMAM, USJ reponsable Liliane Kfoury<\/li>\n<li>Lina Choueiri, AUB<\/li>\n<li>Layal Kanaan-Caillol, Laboratoire Lig\u00e9rien de Linguistique, Universit\u00e9 d\u2019Orl\u00e9ans<\/li>\n<li>Anaid Donab\u00e9dian, SeDyL UMR8202 CNRS &#8211; INALCO &#8211; IRD\/UMR135<\/li>\n<li>Moustafa El Hajj, CSLC, UL<\/li>\n<\/ul>\n<p>Mast\u00e9rants et doctorants<\/p>\n<ul style=\"margin-left: 40px;\">\n<li>Rim Ayyoub, M2 CSLC UL<\/li>\n<li>Yara Masri, M2 CSLC UL<\/li>\n<li>Amal Mazloum, M2 CSLC UL<\/li>\n<li>Mirvat El Kurdi, M2 CSLC UL<\/li>\n<li>Gloria el Hajj, doctorante Lyon 2 (co-direction)<\/li>\n<\/ul>\n<\/div>\n<div class=\"su-tabs-pane su-u-clearfix su-u-trim\" data-title=\"Projets\">\n<p><strong>Projet de recherches en cours\u00a0: <\/strong><\/p>\n<p>Deux projets de recherche en cours subventionn\u00e9s un par <strong>l\u2019AUF (projet PCSI)<\/strong> et l\u2019autre par <strong>l\u2019Universit\u00e9 Libanaise. <\/strong><\/p>\n<div class=\"su-list\" style=\"margin-left:0px\">\n<ul>\n<li><i class=\"sui sui-star\" style=\"color:#333\"><\/i> Responsable de projet\u00a0: Loubna Dimachki<\/li>\n<\/ul>\n<\/div>\n<p style=\"margin-left: 32.2pt;\"><strong><u>Projet subventionn\u00e9 par AUF<\/u><\/strong><\/p>\n<ul style=\"margin-left: 40px; list-style-type: circle;\">\n<li>2015-2017\u00a0: Responsable du projet PCSI, \u00ab\u00a0<em>Les fran\u00e7ais parl\u00e9s au Liban. Etude pr\u00e9liminaire\u00a0: le cas de Beyrouth\u00a0\u00bb <\/em>en partenariat avec V\u00e9ronique Traverso CNRS, ENS de Lyon, France et Liliane Kfoury Universit\u00e9 Saint-Joseph, Liban. Pour ce projet l\u00e0 nous avons deux mast\u00e9rantes et une doctorante (Gloria El Hajj) qui pr\u00e9pare sa th\u00e8se sur le sujet en co-direction avec l\u2019Universit\u00e9 Lyon 2.<\/li>\n<\/ul>\n<p style=\"margin-left: 49.6pt;\"><strong>Membres\u00a0<\/strong>:<\/p>\n<ul style=\"margin-left: 80px;\">\n<li>Moustafa el Hajj, CSLC, UL<\/li>\n<li>May Indari, masterante, CSLC, UL<\/li>\n<li>Hoda Kassatly, CEMAM, USJ<\/li>\n<li>Carole Etienne, ICAR \u2013 Lyon 2<\/li>\n<li>Emilie Jouin-Chardon, ICAR, Lyon 2<\/li>\n<\/ul>\n<p style=\"margin-left: 32.2pt;\"><strong><u>Projet subventionn\u00e9 par l\u2019UL<\/u><\/strong><\/p>\n<ul style=\"margin-left: 40px; list-style-type: circle;\">\n<li>2015-2017\u00a0: Responsable du projet \u00ab\u00a0<em>Conception et publication de \u201cguideline\u201d pour l\u2019annotation des corpus d\u2019arabe parl\u00e9\u00a0<\/em>\u00bb, en partenariat avec V\u00e9ronique Traverso CNRS, ENS de Lyon, France et Lina Choueiri American University of Beirut (AUB), Liban<\/li>\n<\/ul>\n<p style=\"margin-left: 49.6pt;\"><strong>Membres\u00a0:<\/strong><\/p>\n<ul style=\"margin-left: 80px;\">\n<li>Moustafa el Hajj, CSLC, UL<\/li>\n<li>Salam Shokor, masterante, CSLC, UL<\/li>\n<li>Rita Hijazi, masterante, CSLC, UL<\/li>\n<li>Joseph Dichy, ICAR, Universit\u00e9 Lyon 2<\/li>\n<li>Lina Choueiri, AUB<\/li>\n<li>Layal Kanaan-Caillol, LLL, Universit\u00e9 d\u2019Orl\u00e9ans<\/li>\n<\/ul>\n<p style=\"margin-left: 40px;\"><div class=\"su-list\" style=\"margin-left:0px\">\n<ul>\n<li><i class=\"sui sui-star\" style=\"color:#333\"><\/i> Membres de projet de recherche\u00a0:<\/li>\n<\/ul>\n<\/div>\n<ul style=\"margin-left: 40px; list-style-type: circle;\">\n<li>2016-2018\u00a0: Membre du projet CEDRE, \u00ab\u00a0Migrants et r\u00e9fugi\u00e9s au Liban\u00a0: horizons de vie et fronti\u00e8res ethniques\u00a0\u00bb. Responsables du projet N. Puig (Universit\u00e9 Paris Diderot, Paris 7, UFR Sciences Sociales, URMIS) et L. Kfoury (Universit\u00e9 Saint-Joseph, USJ, Centre d\u2019\u00c9tudes pour le Monde Arabe Moderne, CEMAM).<\/li>\n<\/ul>\n<\/div>\n<div class=\"su-tabs-pane su-u-clearfix su-u-trim\" data-title=\"Publications\">\n<a href=\"\/wp-content\/uploads\/2019\/11\/ARAPI_CONVENTION_ANNEXES.pdf\">Lina Choueiri, Loubna Dimachki, Catherine Pinon, V\u00e9ronique Traverso, &#8220;Transcription de corpus oraux d\u2019arabe parl\u00e9 eninteraction. Convention AraPI et annexes.<\/a><br \/>\n<\/div>\n<div class=\"su-tabs-pane su-u-clearfix su-u-trim\" data-title=\"Principales r\u00e9alisations\">\n<p><a href=\"https:\/\/sites.google.com\/site\/mad2014aub\/\" target=\"_blank\" rel=\"noopener\">https:\/\/sites.google.com\/site\/mad2014aub\/<\/a><\/p>\n<\/div><\/div><\/div>\n","protected":false},"excerpt":{"rendered":"<p>Equipe CORALI (Corpus \u2013 ORAl \u2013 Langues &#8211; Interactions)<\/p>\n","protected":false},"author":1,"featured_media":0,"parent":19,"menu_order":0,"comment_status":"closed","ping_status":"open","template":"","meta":[],"_links":{"self":[{"href":"http:\/\/cslc.ul.edu.lb\/index.php?rest_route=\/wp\/v2\/pages\/280"}],"collection":[{"href":"http:\/\/cslc.ul.edu.lb\/index.php?rest_route=\/wp\/v2\/pages"}],"about":[{"href":"http:\/\/cslc.ul.edu.lb\/index.php?rest_route=\/wp\/v2\/types\/page"}],"author":[{"embeddable":true,"href":"http:\/\/cslc.ul.edu.lb\/index.php?rest_route=\/wp\/v2\/users\/1"}],"replies":[{"embeddable":true,"href":"http:\/\/cslc.ul.edu.lb\/index.php?rest_route=%2Fwp%2Fv2%2Fcomments&post=280"}],"version-history":[{"count":24,"href":"http:\/\/cslc.ul.edu.lb\/index.php?rest_route=\/wp\/v2\/pages\/280\/revisions"}],"predecessor-version":[{"id":282,"href":"http:\/\/cslc.ul.edu.lb\/index.php?rest_route=\/wp\/v2\/pages\/280\/revisions\/282"}],"up":[{"embeddable":true,"href":"http:\/\/cslc.ul.edu.lb\/index.php?rest_route=\/wp\/v2\/pages\/19"}],"wp:attachment":[{"href":"http:\/\/cslc.ul.edu.lb\/index.php?rest_route=%2Fwp%2Fv2%2Fmedia&parent=280"}],"curies":[{"name":"wp","href":"https:\/\/api.w.org\/{rel}","templated":true}]}}