{"id":19,"date":"2017-04-10T09:09:21","date_gmt":"2017-04-10T09:09:21","guid":{"rendered":"\/?page_id=19"},"modified":"2021-11-02T14:37:56","modified_gmt":"2021-11-02T14:37:56","slug":"recherche","status":"publish","type":"page","link":"http:\/\/cslc.ul.edu.lb\/?page_id=19","title":{"rendered":"Recherche"},"content":{"rendered":"<p style=\"text-align: justify;\">Le centre regroupe des linguistes, sp\u00e9cialistes des langues (arabe, fran\u00e7ais et anglais), des didacticiens des langues, des sp\u00e9cialistes de corpus et des informaticiens travaillant sur les th\u00e9matiques <strong>linguistique g\u00e9n\u00e9rale<\/strong> la <strong>sociolinguistique, l\u2019analyse des interactions verbales et linguistique de corpus (Equipe <a href=\"?page_id=280\">CORALI<\/a>), l\u2019analyse textuelle des discours, la linguistique appliqu\u00e9e, la linguistique de l&#8217;acquisition, les techniques informatiques et math\u00e9matiques appliqu\u00e9es au texte.<\/strong><\/p>\n<p style=\"text-align: justify;\">Par ailleurs, des <strong>colloques et des conf\u00e9rences internationaux et nationaux<\/strong> sont organis\u00e9s dans l&#8217;objectif d\u2019accro\u00eetre les\u00a0\u00e9changes scientifiques et la visibilit\u00e9 des recherches men\u00e9es au sein du Centre. En outre, le Centre organise chaque ann\u00e9e une journ\u00e9e pour la langue arabe.<\/p>\n<p>Pour plus d&#8217;information sur la recherche dans la facult\u00e9 des lettres et des Sciences Humaines de l&#8217;Universit\u00e9 Libanaise consulter le site du Centre de Recherche et d\u2019Etudes en Sciences Humaines (CRESH) <a href=\"http:\/\/cresh.ul.edu.lb\/\">http:\/\/cresh.ul.edu.lb\/<\/a><\/p>\n<p>Voir encore : <\/p>\n<ul>\n<li><a href=\"\/?page_id=311\">M\u00e9moires M2<\/a><\/li>\n<li><a href=\"\/?page_id=1581\">M\u00e9moires de th\u00e8ses<\/a><\/li>\n<li><a href=\"\/?page_id=280\">Equipe CORALI<\/a><\/li>\n<\/ul>\n<p><!--\n\n\n<p style=\"text-align: justify;\">[do_widget id=category-posts-2]\n\n\n\n\n<p style=\"text-align: justify;\">[do_widget id=category-posts-3]\n\n--><\/p>\n","protected":false},"excerpt":{"rendered":"<p>Le centre regroupe des linguistes, sp\u00e9cialistes des langues (arabe, fran\u00e7ais et anglais), des didacticiens des langues, des sp\u00e9cialistes de corpus et des informaticiens travaillant sur les th\u00e9matiques linguistique g\u00e9n\u00e9rale la sociolinguistique, l\u2019analyse des interactions verbales et linguistique de corpus (Equipe CORALI), l\u2019analyse textuelle des discours, la linguistique appliqu\u00e9e, la linguistique de l&#8217;acquisition, les techniques informatiques [&hellip;]<\/p>\n","protected":false},"author":1,"featured_media":0,"parent":0,"menu_order":0,"comment_status":"closed","ping_status":"closed","template":"","meta":[],"_links":{"self":[{"href":"http:\/\/cslc.ul.edu.lb\/index.php?rest_route=\/wp\/v2\/pages\/19"}],"collection":[{"href":"http:\/\/cslc.ul.edu.lb\/index.php?rest_route=\/wp\/v2\/pages"}],"about":[{"href":"http:\/\/cslc.ul.edu.lb\/index.php?rest_route=\/wp\/v2\/types\/page"}],"author":[{"embeddable":true,"href":"http:\/\/cslc.ul.edu.lb\/index.php?rest_route=\/wp\/v2\/users\/1"}],"replies":[{"embeddable":true,"href":"http:\/\/cslc.ul.edu.lb\/index.php?rest_route=%2Fwp%2Fv2%2Fcomments&post=19"}],"version-history":[{"count":21,"href":"http:\/\/cslc.ul.edu.lb\/index.php?rest_route=\/wp\/v2\/pages\/19\/revisions"}],"predecessor-version":[{"id":1706,"href":"http:\/\/cslc.ul.edu.lb\/index.php?rest_route=\/wp\/v2\/pages\/19\/revisions\/1706"}],"wp:attachment":[{"href":"http:\/\/cslc.ul.edu.lb\/index.php?rest_route=%2Fwp%2Fv2%2Fmedia&parent=19"}],"curies":[{"name":"wp","href":"https:\/\/api.w.org\/{rel}","templated":true}]}}