{"id":1777,"date":"2021-10-03T00:00:00","date_gmt":"2021-10-03T00:00:00","guid":{"rendered":"http:\/\/cslc.ul.edu.lb\/?page_id=1777"},"modified":"2021-10-03T00:00:05","modified_gmt":"2021-10-03T00:00:05","slug":"master2-report","status":"publish","type":"page","link":"http:\/\/cslc.ul.edu.lb\/?page_id=1777","title":{"rendered":"L\u2019impact d\u2019un programme informatise de rem\u00e9diation sur les comp\u00e9tences de production \u00e9crite en langue fran\u00e7aise cas des \u00e9l\u00e8ves d\u2019EB2 dans une \u00e9cole priv\u00e9e\u00a0"},"content":{"rendered":"<style>tr,td{border:none;}tr:nth-child(odd){background-color: #f7f7f7;}<\/style>\n<div style=\" line-height: 32px; text-align: justify;\">\n<h2 style=\"padding: 15px;background: antiquewhite;margin-bottom: 0px;\" align=\"center\"><strong>R\u00e9sum\u00e9 du m\u00e9moire de master 2  <\/strong><\/h2>\n<table style=\"border-bottom: 1px solid #f7f7f7;\">\n<tr>\n<td><strong>Chercheur<\/strong><\/td>\n<td><strong>Zeinab Zeeb<\/strong><\/td>\n<\/tr>\n<tr>\n<td><strong>Ann\u00e9e<\/strong><\/td>\n<td><strong>2018<\/strong><\/td>\n<\/tr>\n<tr>\n<td><strong>Titre<\/strong><\/td>\n<td><strong>L\u2019impact d\u2019un programme informatise de rem\u00e9diation sur les comp\u00e9tences de production \u00e9crite en langue fran\u00e7aise cas des \u00e9l\u00e8ves d\u2019EB2 dans une \u00e9cole priv\u00e9e\u00a0<\/strong><\/td>\n<\/tr>\n<tr>\n<td>Type de m\u00e9moire<\/td>\n<td>M\u00e9moire Master 2<\/td>\n<\/tr>\n<tr>\n<td>Universite<\/td>\n<td> Libanaise<\/td>\n<\/tr>\n<tr>\n<td>Directeur<\/td>\n<td>Samar Zeitoun<\/td>\n<\/tr>\n<tr>\n<td>Nombre de pages<\/td>\n<td>(0) pages<\/td>\n<\/tr>\n<tr>\n<td>Specialit\u00e9<\/td>\n<td>Ingenierie d&#8217;Apprentissage de la Langue<\/td>\n<\/tr>\n<\/table>\n<h3 style=\"padding: 5px;background: antiquewhite;\">R\u00e9sum\u00e9<\/h3>\n<\/div>\n<hr style=\"background-color: #f7f7f7;\">\n","protected":false},"excerpt":{"rendered":"<p>R\u00e9sum\u00e9 du m\u00e9moire de master 2 Chercheur Zeinab Zeeb Ann\u00e9e 2018 Titre L\u2019impact d\u2019un programme informatise de rem\u00e9diation sur les comp\u00e9tences de production \u00e9crite en langue fran\u00e7aise cas des \u00e9l\u00e8ves d\u2019EB2 dans une \u00e9cole priv\u00e9e\u00a0 Type de m\u00e9moire M\u00e9moire Master 2 Universite Libanaise Directeur Samar Zeitoun Nombre de pages (0) pages Specialit\u00e9 Ingenierie d&#8217;Apprentissage de [&hellip;]<\/p>\n","protected":false},"author":1,"featured_media":0,"parent":311,"menu_order":0,"comment_status":"closed","ping_status":"closed","template":"","meta":[],"_links":{"self":[{"href":"http:\/\/cslc.ul.edu.lb\/index.php?rest_route=\/wp\/v2\/pages\/1777"}],"collection":[{"href":"http:\/\/cslc.ul.edu.lb\/index.php?rest_route=\/wp\/v2\/pages"}],"about":[{"href":"http:\/\/cslc.ul.edu.lb\/index.php?rest_route=\/wp\/v2\/types\/page"}],"author":[{"embeddable":true,"href":"http:\/\/cslc.ul.edu.lb\/index.php?rest_route=\/wp\/v2\/users\/1"}],"replies":[{"embeddable":true,"href":"http:\/\/cslc.ul.edu.lb\/index.php?rest_route=%2Fwp%2Fv2%2Fcomments&post=1777"}],"version-history":[{"count":0,"href":"http:\/\/cslc.ul.edu.lb\/index.php?rest_route=\/wp\/v2\/pages\/1777\/revisions"}],"up":[{"embeddable":true,"href":"http:\/\/cslc.ul.edu.lb\/index.php?rest_route=\/wp\/v2\/pages\/311"}],"wp:attachment":[{"href":"http:\/\/cslc.ul.edu.lb\/index.php?rest_route=%2Fwp%2Fv2%2Fmedia&parent=1777"}],"curies":[{"name":"wp","href":"https:\/\/api.w.org\/{rel}","templated":true}]}}