{"id":1336,"date":"2021-03-26T15:39:50","date_gmt":"2021-03-26T15:39:50","guid":{"rendered":"http:\/\/192.168.25.193\/?page_id=1336"},"modified":"2021-03-26T15:46:16","modified_gmt":"2021-03-26T15:46:16","slug":"actualites-du-cslc","status":"publish","type":"page","link":"http:\/\/cslc.ul.edu.lb\/?page_id=1336","title":{"rendered":"Actualit\u00e9s du CSLC"},"content":{"rendered":"<h1>Toutes les actualit\u00e9s du CSLC<\/h1>\n<div style=\"border:1px solid #267eca;padding:3px 10px 10px 10px;\">\n<ul class=\"lcp_catlist\" id=\"lcp_instance_0\"><li ><a href=\"http:\/\/cslc.ul.edu.lb\/?p=1379\" title=\"(16 April to 21 May 2021) Digital English Lab 2021\">(16 April to 21 May 2021) Digital English Lab 2021<\/a><\/li><li ><a href=\"http:\/\/cslc.ul.edu.lb\/?p=1182\" title=\"(22-Oct-2020) Digital Assessments and their Impact on Learner&#8217;s Achievements\">(22-Oct-2020) Digital Assessments and their Impact on Learner&#8217;s Achievements<\/a><\/li><li ><a href=\"http:\/\/cslc.ul.edu.lb\/?p=1137\" title=\"(Sep 29, 2020) \u0647\u0644 \u062a\u0639\u062a\u0628\u0631 \u0623\u0646\u0651 \u0627\u0644\u062a\u0651\u0637\u0648\u0651\u0631 \u0627\u0644\u062a\u0651\u0643\u0646\u0648\u0644\u0648\u062c\u064a \u0627\u0644\u0633\u0631\u064a\u0639 \u064a\u0647\u062f\u0651\u062f \u0645\u0633\u062a\u0642\u0628\u0644\u0643 \u0627\u0644\u0645\u0647\u0646\u064a\u061f\">(Sep 29, 2020) \u0647\u0644 \u062a\u0639\u062a\u0628\u0631 \u0623\u0646\u0651 \u0627\u0644\u062a\u0651\u0637\u0648\u0651\u0631 \u0627\u0644\u062a\u0651\u0643\u0646\u0648\u0644\u0648\u062c\u064a \u0627\u0644\u0633\u0631\u064a\u0639 \u064a\u0647\u062f\u0651\u062f \u0645\u0633\u062a\u0642\u0628\u0644\u0643 \u0627\u0644\u0645\u0647\u0646\u064a\u061f<\/a><\/li><li ><a href=\"http:\/\/cslc.ul.edu.lb\/?p=1110\" title=\"(14-18 Sept 2020) \u0648\u0631\u0634\u0629 \u062a\u062f\u0631\u064a\u0628\u064a\u0629 \u062d\u0648\u0644 \u0627\u0644\u064a\u0629 \u0627\u0644\u062a\u062d\u0636\u064a\u0631 \u0645\u0646 \u0628\u0639\u062f\">(14-18 Sept 2020) \u0648\u0631\u0634\u0629 \u062a\u062f\u0631\u064a\u0628\u064a\u0629 \u062d\u0648\u0644 \u0627\u0644\u064a\u0629 \u0627\u0644\u062a\u062d\u0636\u064a\u0631 \u0645\u0646 \u0628\u0639\u062f<\/a><\/li><li ><a href=\"http:\/\/cslc.ul.edu.lb\/?p=958\" title=\"(28-mars-2020)\u0646\u062f\u0648\u0629\u064b \u0628\u0639\u0646\u0648\u0627\u0646 \u0627\u0644\u0645\u0642\u0631\u0627\u0631\u0627\u062a \u0627\u0644\u062a\u0639\u0644\u064a\u0645\u064a\u0629 \u0627\u0644\u0645\u0641\u062a\u0648\u062d\u0629 \u0645\u0648\u0643 \u0648\u0645\u0628\u0627\u062f\u0626 \u062a\u0637\u0648\u064a\u0631\u0647\u0627\">(28-mars-2020)\u0646\u062f\u0648\u0629\u064b \u0628\u0639\u0646\u0648\u0627\u0646 \u0627\u0644\u0645\u0642\u0631\u0627\u0631\u0627\u062a \u0627\u0644\u062a\u0639\u0644\u064a\u0645\u064a\u0629 \u0627\u0644\u0645\u0641\u062a\u0648\u062d\u0629 \u0645\u0648\u0643 \u0648\u0645\u0628\u0627\u062f\u0626 \u062a\u0637\u0648\u064a\u0631\u0647\u0627<\/a><\/li><li ><a href=\"http:\/\/cslc.ul.edu.lb\/?p=908\" title=\"(30,31-Oct-2019) Les Sciences Humaines entre le pass\u00e9 et l\u2019avenir\">(30,31-Oct-2019) Les Sciences Humaines entre le pass\u00e9 et l\u2019avenir<\/a><\/li><li ><a href=\"http:\/\/cslc.ul.edu.lb\/?p=867\" title=\"(29,30-mai-2019) Nouvelles archives num\u00e9riques au Proche-Orient : le son, l\u2019image, le film et le web\">(29,30-mai-2019) Nouvelles archives num\u00e9riques au Proche-Orient : le son, l\u2019image, le film et le web<\/a><\/li><li ><a href=\"http:\/\/cslc.ul.edu.lb\/?p=854\" title=\"(27-mai-2019) Qui parle fran\u00e7ais \u00e0 qui et quand ? que dire des usages au Liban en 2019\">(27-mai-2019) Qui parle fran\u00e7ais \u00e0 qui et quand ? que dire des usages au Liban en 2019<\/a><\/li><li ><a href=\"http:\/\/cslc.ul.edu.lb\/?p=848\" title=\"(18-avril-2019) Language Variation and Varieties of Arabic\">(18-avril-2019) Language Variation and Varieties of Arabic<\/a><\/li><li ><a href=\"http:\/\/cslc.ul.edu.lb\/?p=839\" title=\"(14-mars-2019) seminaire Lughat\">(14-mars-2019) seminaire Lughat<\/a><\/li><li ><a href=\"http:\/\/cslc.ul.edu.lb\/?p=802\" title=\"(23-Jan-2019)\u0627\u0644\u0645\u0639\u0627\u0644\u062c\u0629 \u0627\u0644\u0622\u0644\u064a\u0629 \u0644\u0644\u0646\u0635\u0648\u0635 \u0648\u062a\u0637\u0628\u064a\u0642\u0627\u062a\u0647\u0627 \u0639\u0644\u0649 \u0627\u0644\u0644\u063a\u0629 \u0627\u0644\u0639\u0631\u0628\u064a\u0629\">(23-Jan-2019)\u0627\u0644\u0645\u0639\u0627\u0644\u062c\u0629 \u0627\u0644\u0622\u0644\u064a\u0629 \u0644\u0644\u0646\u0635\u0648\u0635 \u0648\u062a\u0637\u0628\u064a\u0642\u0627\u062a\u0647\u0627 \u0639\u0644\u0649 \u0627\u0644\u0644\u063a\u0629 \u0627\u0644\u0639\u0631\u0628\u064a\u0629<\/a><\/li><li ><a href=\"http:\/\/cslc.ul.edu.lb\/?p=798\" title=\"(13-Dec-2018) S\u00e9minaire Lan\u0120(u)\u0101GeS : Communication without borders: Teaching Arabic from College to School\">(13-Dec-2018) S\u00e9minaire Lan\u0120(u)\u0101GeS : Communication without borders: Teaching Arabic from College to School<\/a><\/li><li ><a href=\"http:\/\/cslc.ul.edu.lb\/?p=795\" title=\"(06-Dec-2018) \u062a\u062d\u062f\u064a\u0627\u062a \u0627\u0644\u0625\u0639\u0644\u0627\u0645 \u0648\u0627\u0644\u062b\u0642\u0627\u0641\u0629 \u0648\u0627\u0644\u0644\u063a\u0629 \u0641\u064a \u0639\u0635\u0631 \u0627\u0644\u0639\u0648\u0644\u0645\u0629\">(06-Dec-2018) \u062a\u062d\u062f\u064a\u0627\u062a \u0627\u0644\u0625\u0639\u0644\u0627\u0645 \u0648\u0627\u0644\u062b\u0642\u0627\u0641\u0629 \u0648\u0627\u0644\u0644\u063a\u0629 \u0641\u064a \u0639\u0635\u0631 \u0627\u0644\u0639\u0648\u0644\u0645\u0629<\/a><\/li><li ><a href=\"http:\/\/cslc.ul.edu.lb\/?p=790\" title=\"(15-Nov-2018) S\u00e9minaire Lughat\">(15-Nov-2018) S\u00e9minaire Lughat<\/a><\/li><li ><a href=\"http:\/\/cslc.ul.edu.lb\/?p=653\" title=\"(5-Juin-2018) Journ\u00e9e d\u2019\u00e9tude sur les corpus arabes parl\u00e9s\">(5-Juin-2018) Journ\u00e9e d\u2019\u00e9tude sur les corpus arabes parl\u00e9s<\/a><\/li><li ><a href=\"http:\/\/cslc.ul.edu.lb\/?p=647\" title=\"(31-mai-2018) Les langues arabes de Beyrouth : pratiques et repr\u00e9sentations.\">(31-mai-2018) Les langues arabes de Beyrouth : pratiques et repr\u00e9sentations.<\/a><\/li><li ><a href=\"http:\/\/cslc.ul.edu.lb\/?p=643\" title=\"(10-mai-2018) Arabic Diglossia and Discourse Interaction in Elementary Science Classrooms in Lebanon\">(10-mai-2018) Arabic Diglossia and Discourse Interaction in Elementary Science Classrooms in Lebanon<\/a><\/li><li ><a href=\"http:\/\/cslc.ul.edu.lb\/?p=637\" title=\"(03-mai-2018) S\u00e9minaire Lan\u0120(u)\u0101GeS : les langues \u00e0 Beyrouth:\">(03-mai-2018) S\u00e9minaire Lan\u0120(u)\u0101GeS : les langues \u00e0 Beyrouth:<\/a><\/li><li ><a href=\"http:\/\/cslc.ul.edu.lb\/?p=625\" title=\"(19-Avril-2018) Les d\u00e9fis de la transmission de l\u2019arm\u00e9nien occidental dans la diaspora arm\u00e9nienne, Liban, France et ailleurs\">(19-Avril-2018) Les d\u00e9fis de la transmission de l\u2019arm\u00e9nien occidental dans la diaspora arm\u00e9nienne, Liban, France et ailleurs<\/a><\/li><li ><a href=\"http:\/\/cslc.ul.edu.lb\/?p=614\" title=\"(20-mars-2018) \u0627\u0644\u0645\u0631\u0627\u0648\u062d\u0627\u062a \u0627\u0644\u0644\u0633\u0627\u0646\u064a\u0629 \u0641\u064a \u0627\u0644\u062e\u0637\u0627\u0628 \u0627\u0644\u062a\u0639\u0644\u064a\u0645\u064a: \u0645\u0646 \u0627\u0644\u0639\u0634\u0648\u0627\u0626\u064a\u0629 \u0625\u0644\u0649 \u0627\u0644\u0646\u0638\u0627\u0645\u064a\u0629\">(20-mars-2018) \u0627\u0644\u0645\u0631\u0627\u0648\u062d\u0627\u062a \u0627\u0644\u0644\u0633\u0627\u0646\u064a\u0629 \u0641\u064a \u0627\u0644\u062e\u0637\u0627\u0628 \u0627\u0644\u062a\u0639\u0644\u064a\u0645\u064a: \u0645\u0646 \u0627\u0644\u0639\u0634\u0648\u0627\u0626\u064a\u0629 \u0625\u0644\u0649 \u0627\u0644\u0646\u0638\u0627\u0645\u064a\u0629<\/a><\/li><\/ul><ul class='lcp_paginator'><li class='lcp_currentpage'>1<\/li><li><a href='http:\/\/cslc.ul.edu.lb\/index.php?rest_route=%2Fwp%2Fv2%2Fpages%2F1336&lcp_page0=2#lcp_instance_0' title='2'>2<\/a><\/li><li><a href='http:\/\/cslc.ul.edu.lb\/index.php?rest_route=%2Fwp%2Fv2%2Fpages%2F1336&lcp_page0=2#lcp_instance_0' title='2' class='lcp_nextlink'>>><\/a><\/li><\/ul>\n<\/div>\n","protected":false},"excerpt":{"rendered":"<p>Toutes les actualit\u00e9s du CSLC<\/p>\n","protected":false},"author":1,"featured_media":0,"parent":0,"menu_order":0,"comment_status":"closed","ping_status":"closed","template":"","meta":[],"_links":{"self":[{"href":"http:\/\/cslc.ul.edu.lb\/index.php?rest_route=\/wp\/v2\/pages\/1336"}],"collection":[{"href":"http:\/\/cslc.ul.edu.lb\/index.php?rest_route=\/wp\/v2\/pages"}],"about":[{"href":"http:\/\/cslc.ul.edu.lb\/index.php?rest_route=\/wp\/v2\/types\/page"}],"author":[{"embeddable":true,"href":"http:\/\/cslc.ul.edu.lb\/index.php?rest_route=\/wp\/v2\/users\/1"}],"replies":[{"embeddable":true,"href":"http:\/\/cslc.ul.edu.lb\/index.php?rest_route=%2Fwp%2Fv2%2Fcomments&post=1336"}],"version-history":[{"count":8,"href":"http:\/\/cslc.ul.edu.lb\/index.php?rest_route=\/wp\/v2\/pages\/1336\/revisions"}],"predecessor-version":[{"id":1345,"href":"http:\/\/cslc.ul.edu.lb\/index.php?rest_route=\/wp\/v2\/pages\/1336\/revisions\/1345"}],"wp:attachment":[{"href":"http:\/\/cslc.ul.edu.lb\/index.php?rest_route=%2Fwp%2Fv2%2Fmedia&parent=1336"}],"curies":[{"name":"wp","href":"https:\/\/api.w.org\/{rel}","templated":true}]}}